{"id":329,"date":"2025-05-28T20:33:58","date_gmt":"2025-05-28T20:33:58","guid":{"rendered":"https:\/\/amaliaetcompagnie.fr\/?post_type=product&#038;p=329"},"modified":"2025-05-28T20:44:01","modified_gmt":"2025-05-28T20:44:01","slug":"lingettes","status":"publish","type":"product","link":"https:\/\/amaliaetcompagnie.fr\/?product=lingettes","title":{"rendered":"Lingettes L\u00e9opard"},"content":{"rendered":"","protected":false},"excerpt":{"rendered":"<p>Le Diam\u00e8tre est de 12 centim\u00e8tre.<\/p>\n","protected":false},"featured_media":330,"template":"","meta":[],"product_brand":[],"product_cat":[36],"product_tag":[],"class_list":{"0":"post-329","1":"product","2":"type-product","3":"status-publish","4":"has-post-thumbnail","6":"product_cat-lingette-ronde","8":"first","9":"instock","10":"shipping-taxable","11":"purchasable","12":"product-type-simple"},"jetpack_sharing_enabled":true,"_links":{"self":[{"href":"https:\/\/amaliaetcompagnie.fr\/index.php?rest_route=\/wp\/v2\/product\/329","targetHints":{"allow":["GET"]}}],"collection":[{"href":"https:\/\/amaliaetcompagnie.fr\/index.php?rest_route=\/wp\/v2\/product"}],"about":[{"href":"https:\/\/amaliaetcompagnie.fr\/index.php?rest_route=\/wp\/v2\/types\/product"}],"wp:featuredmedia":[{"embeddable":true,"href":"https:\/\/amaliaetcompagnie.fr\/index.php?rest_route=\/wp\/v2\/media\/330"}],"wp:attachment":[{"href":"https:\/\/amaliaetcompagnie.fr\/index.php?rest_route=%2Fwp%2Fv2%2Fmedia&parent=329"}],"wp:term":[{"taxonomy":"product_brand","embeddable":true,"href":"https:\/\/amaliaetcompagnie.fr\/index.php?rest_route=%2Fwp%2Fv2%2Fproduct_brand&post=329"},{"taxonomy":"product_cat","embeddable":true,"href":"https:\/\/amaliaetcompagnie.fr\/index.php?rest_route=%2Fwp%2Fv2%2Fproduct_cat&post=329"},{"taxonomy":"product_tag","embeddable":true,"href":"https:\/\/amaliaetcompagnie.fr\/index.php?rest_route=%2Fwp%2Fv2%2Fproduct_tag&post=329"}],"curies":[{"name":"wp","href":"https:\/\/api.w.org\/{rel}","templated":true}]}}