{"id":51,"date":"2023-03-13T18:57:02","date_gmt":"2023-03-13T18:57:02","guid":{"rendered":"https:\/\/amaliaetcompagnie.fr\/?page_id=51"},"modified":"2025-06-08T17:44:45","modified_gmt":"2025-06-08T17:44:45","slug":"page-daccueil","status":"publish","type":"page","link":"https:\/\/amaliaetcompagnie.fr\/","title":{"rendered":"Bienvenue !"},"content":{"rendered":"\n<p class=\"has-text-align-center\">D\u00e9couvrez ici une s\u00e9lection de produits pour une utilisation quotidienne et des articles pour cr\u00e9er des souvenirs avec vos proches.<\/p>\n\n\n\n<p><\/p>\n\n\n\n<div class=\"wp-block-group alignwide is-style-default is-nowrap is-layout-flex wp-container-core-group-is-layout-6c531013 wp-block-group-is-layout-flex\"><div data-block-name=\"woocommerce\/product-new\" data-stock-status=\"[&quot;&quot;,&quot;instock&quot;,&quot;outofstock&quot;,&quot;onbackorder&quot;]\" class=\"wc-block-grid wp-block-product-new wp-block-woocommerce-product-new wc-block-product-new has-3-columns has-multiple-rows alignwide\"><ul class=\"wc-block-grid__products\"><li class=\"wc-block-grid__product\">\n\t\t\t\t<a href=\"https:\/\/amaliaetcompagnie.fr\/?product=porte-cles-souvenir\" class=\"wc-block-grid__product-link\">\n\t\t\t\t\t\n\t\t\t\t\t<div class=\"wc-block-grid__product-image\"><img loading=\"lazy\" decoding=\"async\" width=\"300\" height=\"300\" src=\"https:\/\/amaliaetcompagnie.fr\/wp-content\/uploads\/2025\/06\/12-300x300.png\" class=\"attachment-woocommerce_thumbnail size-woocommerce_thumbnail\" alt=\"Porte-cl\u00e9s Souvenir\" srcset=\"https:\/\/amaliaetcompagnie.fr\/wp-content\/uploads\/2025\/06\/12-300x300.png 300w, https:\/\/amaliaetcompagnie.fr\/wp-content\/uploads\/2025\/06\/12-1024x1024.png 1024w, https:\/\/amaliaetcompagnie.fr\/wp-content\/uploads\/2025\/06\/12-150x150.png 150w, https:\/\/amaliaetcompagnie.fr\/wp-content\/uploads\/2025\/06\/12-768x768.png 768w, https:\/\/amaliaetcompagnie.fr\/wp-content\/uploads\/2025\/06\/12-600x600.png 600w, https:\/\/amaliaetcompagnie.fr\/wp-content\/uploads\/2025\/06\/12-100x100.png 100w, https:\/\/amaliaetcompagnie.fr\/wp-content\/uploads\/2025\/06\/12.png 1080w\" sizes=\"auto, (max-width: 300px) 100vw, 300px\" \/><\/div>\n\t\t\t\t\t<div class=\"wc-block-grid__product-title\">Porte-cl\u00e9s Souvenir<\/div>\n\t\t\t\t<\/a>\n\t\t\t\t<div class=\"wc-block-grid__product-price price\"><span class=\"woocommerce-Price-amount amount\">9,90&nbsp;<span class=\"woocommerce-Price-currencySymbol\">&euro;<\/span><\/span><\/div>\n\t\t\t\t\n\t\t\t\t<div class=\"wp-block-button wc-block-grid__product-add-to-cart\"><a href=\"\/index.php?rest_route=%2Fwp%2Fv2%2Fpages%2F51&#038;add-to-cart=398\" aria-label=\"Ajouter au panier\u00a0: &ldquo;Porte-cl\u00e9s Souvenir&rdquo;\" data-quantity=\"1\" data-product_id=\"398\" data-product_sku=\"\" data-price=\"9.9\" rel=\"nofollow\" class=\"wp-block-button__link wp-element-button add_to_cart_button ajax_add_to_cart\">Ajouter au panier<\/a><\/div>\n\t\t\t<\/li><li class=\"wc-block-grid__product\">\n\t\t\t\t<a href=\"https:\/\/amaliaetcompagnie.fr\/?product=sac-vague\" class=\"wc-block-grid__product-link\">\n\t\t\t\t\t\n\t\t\t\t\t<div class=\"wc-block-grid__product-image\"><img loading=\"lazy\" decoding=\"async\" width=\"300\" height=\"300\" src=\"https:\/\/amaliaetcompagnie.fr\/wp-content\/uploads\/2025\/06\/vente-1-300x300.png\" class=\"attachment-woocommerce_thumbnail size-woocommerce_thumbnail\" alt=\"Sac Vague\" srcset=\"https:\/\/amaliaetcompagnie.fr\/wp-content\/uploads\/2025\/06\/vente-1-300x300.png 300w, https:\/\/amaliaetcompagnie.fr\/wp-content\/uploads\/2025\/06\/vente-1-1024x1024.png 1024w, https:\/\/amaliaetcompagnie.fr\/wp-content\/uploads\/2025\/06\/vente-1-150x150.png 150w, https:\/\/amaliaetcompagnie.fr\/wp-content\/uploads\/2025\/06\/vente-1-768x768.png 768w, https:\/\/amaliaetcompagnie.fr\/wp-content\/uploads\/2025\/06\/vente-1-600x600.png 600w, https:\/\/amaliaetcompagnie.fr\/wp-content\/uploads\/2025\/06\/vente-1-100x100.png 100w, https:\/\/amaliaetcompagnie.fr\/wp-content\/uploads\/2025\/06\/vente-1.png 1080w\" sizes=\"auto, (max-width: 300px) 100vw, 300px\" \/><\/div>\n\t\t\t\t\t<div class=\"wc-block-grid__product-title\">Sac Vague<\/div>\n\t\t\t\t<\/a>\n\t\t\t\t<div class=\"wc-block-grid__product-price price\"><span class=\"woocommerce-Price-amount amount\">16,50&nbsp;<span class=\"woocommerce-Price-currencySymbol\">&euro;<\/span><\/span><\/div>\n\t\t\t\t\n\t\t\t\t<div class=\"wp-block-button wc-block-grid__product-add-to-cart\"><a href=\"\/index.php?rest_route=%2Fwp%2Fv2%2Fpages%2F51&#038;add-to-cart=396\" aria-label=\"Ajouter au panier\u00a0: &ldquo;Sac Vague&rdquo;\" data-quantity=\"1\" data-product_id=\"396\" data-product_sku=\"\" data-price=\"16.5\" rel=\"nofollow\" class=\"wp-block-button__link wp-element-button add_to_cart_button ajax_add_to_cart\">Ajouter au panier<\/a><\/div>\n\t\t\t<\/li><li class=\"wc-block-grid__product\">\n\t\t\t\t<a href=\"https:\/\/amaliaetcompagnie.fr\/?product=sac-girl\" class=\"wc-block-grid__product-link\">\n\t\t\t\t\t\n\t\t\t\t\t<div class=\"wc-block-grid__product-image\"><img loading=\"lazy\" decoding=\"async\" width=\"300\" height=\"300\" src=\"https:\/\/amaliaetcompagnie.fr\/wp-content\/uploads\/2025\/06\/14-300x300.png\" class=\"attachment-woocommerce_thumbnail size-woocommerce_thumbnail\" alt=\"Sac Girl\" srcset=\"https:\/\/amaliaetcompagnie.fr\/wp-content\/uploads\/2025\/06\/14-300x300.png 300w, https:\/\/amaliaetcompagnie.fr\/wp-content\/uploads\/2025\/06\/14-1024x1024.png 1024w, https:\/\/amaliaetcompagnie.fr\/wp-content\/uploads\/2025\/06\/14-150x150.png 150w, https:\/\/amaliaetcompagnie.fr\/wp-content\/uploads\/2025\/06\/14-768x768.png 768w, https:\/\/amaliaetcompagnie.fr\/wp-content\/uploads\/2025\/06\/14-600x600.png 600w, https:\/\/amaliaetcompagnie.fr\/wp-content\/uploads\/2025\/06\/14-100x100.png 100w, https:\/\/amaliaetcompagnie.fr\/wp-content\/uploads\/2025\/06\/14.png 1080w\" sizes=\"auto, (max-width: 300px) 100vw, 300px\" \/><\/div>\n\t\t\t\t\t<div class=\"wc-block-grid__product-title\">Sac Girl<\/div>\n\t\t\t\t<\/a>\n\t\t\t\t<div class=\"wc-block-grid__product-price price\"><span class=\"woocommerce-Price-amount amount\">26,90&nbsp;<span class=\"woocommerce-Price-currencySymbol\">&euro;<\/span><\/span><\/div>\n\t\t\t\t\n\t\t\t\t<div class=\"wp-block-button wc-block-grid__product-add-to-cart\"><a href=\"\/index.php?rest_route=%2Fwp%2Fv2%2Fpages%2F51&#038;add-to-cart=393\" aria-label=\"Ajouter au panier\u00a0: &ldquo;Sac Girl&rdquo;\" data-quantity=\"1\" data-product_id=\"393\" data-product_sku=\"\" data-price=\"26.9\" rel=\"nofollow\" class=\"wp-block-button__link wp-element-button add_to_cart_button ajax_add_to_cart\">Ajouter au panier<\/a><\/div>\n\t\t\t<\/li><li class=\"wc-block-grid__product\">\n\t\t\t\t<a href=\"https:\/\/amaliaetcompagnie.fr\/?product=sac-botte\" class=\"wc-block-grid__product-link\">\n\t\t\t\t\t\n\t\t\t\t\t<div class=\"wc-block-grid__product-image\"><img loading=\"lazy\" decoding=\"async\" width=\"300\" height=\"300\" src=\"https:\/\/amaliaetcompagnie.fr\/wp-content\/uploads\/2025\/06\/13-300x300.png\" class=\"attachment-woocommerce_thumbnail size-woocommerce_thumbnail\" alt=\"Sac botte\" srcset=\"https:\/\/amaliaetcompagnie.fr\/wp-content\/uploads\/2025\/06\/13-300x300.png 300w, https:\/\/amaliaetcompagnie.fr\/wp-content\/uploads\/2025\/06\/13-1024x1024.png 1024w, https:\/\/amaliaetcompagnie.fr\/wp-content\/uploads\/2025\/06\/13-150x150.png 150w, https:\/\/amaliaetcompagnie.fr\/wp-content\/uploads\/2025\/06\/13-768x768.png 768w, https:\/\/amaliaetcompagnie.fr\/wp-content\/uploads\/2025\/06\/13-600x600.png 600w, https:\/\/amaliaetcompagnie.fr\/wp-content\/uploads\/2025\/06\/13-100x100.png 100w, https:\/\/amaliaetcompagnie.fr\/wp-content\/uploads\/2025\/06\/13.png 1080w\" sizes=\"auto, (max-width: 300px) 100vw, 300px\" \/><\/div>\n\t\t\t\t\t<div class=\"wc-block-grid__product-title\">Sac botte<\/div>\n\t\t\t\t<\/a>\n\t\t\t\t<div class=\"wc-block-grid__product-price price\"><span class=\"woocommerce-Price-amount amount\">26,90&nbsp;<span class=\"woocommerce-Price-currencySymbol\">&euro;<\/span><\/span><\/div>\n\t\t\t\t\n\t\t\t\t<div class=\"wp-block-button wc-block-grid__product-add-to-cart\"><a href=\"\/index.php?rest_route=%2Fwp%2Fv2%2Fpages%2F51&#038;add-to-cart=391\" aria-label=\"Ajouter au panier\u00a0: &ldquo;Sac botte&rdquo;\" data-quantity=\"1\" data-product_id=\"391\" data-product_sku=\"\" data-price=\"26.9\" rel=\"nofollow\" class=\"wp-block-button__link wp-element-button add_to_cart_button ajax_add_to_cart\">Ajouter au panier<\/a><\/div>\n\t\t\t<\/li><li class=\"wc-block-grid__product\">\n\t\t\t\t<a href=\"https:\/\/amaliaetcompagnie.fr\/?product=lingettes-coquillage\" class=\"wc-block-grid__product-link\">\n\t\t\t\t\t\n\t\t\t\t\t<div class=\"wc-block-grid__product-image\"><img loading=\"lazy\" decoding=\"async\" width=\"300\" height=\"300\" src=\"https:\/\/amaliaetcompagnie.fr\/wp-content\/uploads\/2025\/05\/4-300x300.png\" class=\"attachment-woocommerce_thumbnail size-woocommerce_thumbnail\" alt=\"Lingettes Coquillage\" srcset=\"https:\/\/amaliaetcompagnie.fr\/wp-content\/uploads\/2025\/05\/4-300x300.png 300w, https:\/\/amaliaetcompagnie.fr\/wp-content\/uploads\/2025\/05\/4-1024x1024.png 1024w, https:\/\/amaliaetcompagnie.fr\/wp-content\/uploads\/2025\/05\/4-150x150.png 150w, https:\/\/amaliaetcompagnie.fr\/wp-content\/uploads\/2025\/05\/4-768x768.png 768w, https:\/\/amaliaetcompagnie.fr\/wp-content\/uploads\/2025\/05\/4-600x600.png 600w, https:\/\/amaliaetcompagnie.fr\/wp-content\/uploads\/2025\/05\/4-100x100.png 100w, https:\/\/amaliaetcompagnie.fr\/wp-content\/uploads\/2025\/05\/4.png 1080w\" sizes=\"auto, (max-width: 300px) 100vw, 300px\" \/><\/div>\n\t\t\t\t\t<div class=\"wc-block-grid__product-title\">Lingettes Coquillage<\/div>\n\t\t\t\t<\/a>\n\t\t\t\t<div class=\"wc-block-grid__product-price price\"><span class=\"woocommerce-Price-amount amount\">1,80&nbsp;<span class=\"woocommerce-Price-currencySymbol\">&euro;<\/span><\/span><\/div>\n\t\t\t\t\n\t\t\t\t<div class=\"wp-block-button wc-block-grid__product-add-to-cart\"><a href=\"\/index.php?rest_route=%2Fwp%2Fv2%2Fpages%2F51&#038;add-to-cart=337\" aria-label=\"Ajouter au panier\u00a0: &ldquo;Lingettes Coquillage&rdquo;\" data-quantity=\"1\" data-product_id=\"337\" data-product_sku=\"\" data-price=\"1.8\" rel=\"nofollow\" class=\"wp-block-button__link wp-element-button add_to_cart_button ajax_add_to_cart\">Ajouter au panier<\/a><\/div>\n\t\t\t<\/li><li class=\"wc-block-grid__product\">\n\t\t\t\t<a href=\"https:\/\/amaliaetcompagnie.fr\/?product=lingettes-leopard\" class=\"wc-block-grid__product-link\">\n\t\t\t\t\t\n\t\t\t\t\t<div class=\"wc-block-grid__product-image\"><img loading=\"lazy\" decoding=\"async\" width=\"300\" height=\"300\" src=\"https:\/\/amaliaetcompagnie.fr\/wp-content\/uploads\/2025\/05\/1-300x300.png\" class=\"attachment-woocommerce_thumbnail size-woocommerce_thumbnail\" alt=\"Lingettes L\u00e9opard\" srcset=\"https:\/\/amaliaetcompagnie.fr\/wp-content\/uploads\/2025\/05\/1-300x300.png 300w, https:\/\/amaliaetcompagnie.fr\/wp-content\/uploads\/2025\/05\/1-1024x1024.png 1024w, https:\/\/amaliaetcompagnie.fr\/wp-content\/uploads\/2025\/05\/1-150x150.png 150w, https:\/\/amaliaetcompagnie.fr\/wp-content\/uploads\/2025\/05\/1-768x768.png 768w, https:\/\/amaliaetcompagnie.fr\/wp-content\/uploads\/2025\/05\/1-600x600.png 600w, https:\/\/amaliaetcompagnie.fr\/wp-content\/uploads\/2025\/05\/1-100x100.png 100w, https:\/\/amaliaetcompagnie.fr\/wp-content\/uploads\/2025\/05\/1.png 1080w\" sizes=\"auto, (max-width: 300px) 100vw, 300px\" \/><\/div>\n\t\t\t\t\t<div class=\"wc-block-grid__product-title\">Lingettes L\u00e9opard<\/div>\n\t\t\t\t<\/a>\n\t\t\t\t<div class=\"wc-block-grid__product-price price\"><span class=\"woocommerce-Price-amount amount\">3,00&nbsp;<span class=\"woocommerce-Price-currencySymbol\">&euro;<\/span><\/span><\/div>\n\t\t\t\t\n\t\t\t\t<div class=\"wp-block-button wc-block-grid__product-add-to-cart\"><a href=\"\/index.php?rest_route=%2Fwp%2Fv2%2Fpages%2F51&#038;add-to-cart=331\" aria-label=\"Ajouter au panier\u00a0: &ldquo;Lingettes L\u00e9opard&rdquo;\" data-quantity=\"1\" data-product_id=\"331\" data-product_sku=\"\" data-price=\"3\" rel=\"nofollow\" class=\"wp-block-button__link wp-element-button add_to_cart_button ajax_add_to_cart\">Ajouter au panier<\/a><\/div>\n\t\t\t<\/li><li class=\"wc-block-grid__product\">\n\t\t\t\t<a href=\"https:\/\/amaliaetcompagnie.fr\/?product=lingettes\" class=\"wc-block-grid__product-link\">\n\t\t\t\t\t\n\t\t\t\t\t<div class=\"wc-block-grid__product-image\"><img loading=\"lazy\" decoding=\"async\" width=\"300\" height=\"300\" src=\"https:\/\/amaliaetcompagnie.fr\/wp-content\/uploads\/2025\/05\/3-300x300.png\" class=\"attachment-woocommerce_thumbnail size-woocommerce_thumbnail\" alt=\"Lingettes L\u00e9opard\" srcset=\"https:\/\/amaliaetcompagnie.fr\/wp-content\/uploads\/2025\/05\/3-300x300.png 300w, https:\/\/amaliaetcompagnie.fr\/wp-content\/uploads\/2025\/05\/3-1024x1024.png 1024w, https:\/\/amaliaetcompagnie.fr\/wp-content\/uploads\/2025\/05\/3-150x150.png 150w, https:\/\/amaliaetcompagnie.fr\/wp-content\/uploads\/2025\/05\/3-768x768.png 768w, https:\/\/amaliaetcompagnie.fr\/wp-content\/uploads\/2025\/05\/3-600x600.png 600w, https:\/\/amaliaetcompagnie.fr\/wp-content\/uploads\/2025\/05\/3-100x100.png 100w, https:\/\/amaliaetcompagnie.fr\/wp-content\/uploads\/2025\/05\/3.png 1080w\" sizes=\"auto, (max-width: 300px) 100vw, 300px\" \/><\/div>\n\t\t\t\t\t<div class=\"wc-block-grid__product-title\">Lingettes L\u00e9opard<\/div>\n\t\t\t\t<\/a>\n\t\t\t\t<div class=\"wc-block-grid__product-price price\"><span class=\"woocommerce-Price-amount amount\">2,00&nbsp;<span class=\"woocommerce-Price-currencySymbol\">&euro;<\/span><\/span><\/div>\n\t\t\t\t\n\t\t\t\t<div class=\"wp-block-button wc-block-grid__product-add-to-cart\"><a href=\"\/index.php?rest_route=%2Fwp%2Fv2%2Fpages%2F51&#038;add-to-cart=329\" aria-label=\"Ajouter au panier\u00a0: &ldquo;Lingettes L\u00e9opard&rdquo;\" data-quantity=\"1\" data-product_id=\"329\" data-product_sku=\"\" data-price=\"2\" rel=\"nofollow\" class=\"wp-block-button__link wp-element-button add_to_cart_button ajax_add_to_cart\">Ajouter au panier<\/a><\/div>\n\t\t\t<\/li><li class=\"wc-block-grid__product\">\n\t\t\t\t<a href=\"https:\/\/amaliaetcompagnie.fr\/?product=lingette-leopard\" class=\"wc-block-grid__product-link\">\n\t\t\t\t\t\n\t\t\t\t\t<div class=\"wc-block-grid__product-image\"><img loading=\"lazy\" decoding=\"async\" width=\"300\" height=\"300\" src=\"https:\/\/amaliaetcompagnie.fr\/wp-content\/uploads\/2025\/05\/2-300x300.png\" class=\"attachment-woocommerce_thumbnail size-woocommerce_thumbnail\" alt=\"Lingette L\u00e9opard\" srcset=\"https:\/\/amaliaetcompagnie.fr\/wp-content\/uploads\/2025\/05\/2-300x300.png 300w, https:\/\/amaliaetcompagnie.fr\/wp-content\/uploads\/2025\/05\/2-1024x1024.png 1024w, https:\/\/amaliaetcompagnie.fr\/wp-content\/uploads\/2025\/05\/2-150x150.png 150w, https:\/\/amaliaetcompagnie.fr\/wp-content\/uploads\/2025\/05\/2-768x768.png 768w, https:\/\/amaliaetcompagnie.fr\/wp-content\/uploads\/2025\/05\/2-600x600.png 600w, https:\/\/amaliaetcompagnie.fr\/wp-content\/uploads\/2025\/05\/2-100x100.png 100w, https:\/\/amaliaetcompagnie.fr\/wp-content\/uploads\/2025\/05\/2.png 1080w\" sizes=\"auto, (max-width: 300px) 100vw, 300px\" \/><\/div>\n\t\t\t\t\t<div class=\"wc-block-grid__product-title\">Lingette L\u00e9opard<\/div>\n\t\t\t\t<\/a>\n\t\t\t\t<div class=\"wc-block-grid__product-price price\"><span class=\"woocommerce-Price-amount amount\">1,80&nbsp;<span class=\"woocommerce-Price-currencySymbol\">&euro;<\/span><\/span><\/div>\n\t\t\t\t\n\t\t\t\t<div class=\"wp-block-button wc-block-grid__product-add-to-cart\"><a href=\"\/index.php?rest_route=%2Fwp%2Fv2%2Fpages%2F51&#038;add-to-cart=326\" aria-label=\"Ajouter au panier\u00a0: &ldquo;Lingette L\u00e9opard&rdquo;\" data-quantity=\"1\" data-product_id=\"326\" data-product_sku=\"\" data-price=\"1.8\" rel=\"nofollow\" class=\"wp-block-button__link wp-element-button add_to_cart_button ajax_add_to_cart\">Ajouter au panier<\/a><\/div>\n\t\t\t<\/li><li class=\"wc-block-grid__product\">\n\t\t\t\t<a href=\"https:\/\/amaliaetcompagnie.fr\/?product=sac-telle-mere-telle-fille\" class=\"wc-block-grid__product-link\">\n\t\t\t\t\t\n\t\t\t\t\t<div class=\"wc-block-grid__product-image\"><img loading=\"lazy\" decoding=\"async\" width=\"300\" height=\"300\" src=\"https:\/\/amaliaetcompagnie.fr\/wp-content\/uploads\/2023\/06\/7-300x300.png\" class=\"attachment-woocommerce_thumbnail size-woocommerce_thumbnail\" alt=\"Sac Telle M\u00e8re Telle Fille\" srcset=\"https:\/\/amaliaetcompagnie.fr\/wp-content\/uploads\/2023\/06\/7-300x300.png 300w, https:\/\/amaliaetcompagnie.fr\/wp-content\/uploads\/2023\/06\/7-1024x1024.png 1024w, https:\/\/amaliaetcompagnie.fr\/wp-content\/uploads\/2023\/06\/7-150x150.png 150w, https:\/\/amaliaetcompagnie.fr\/wp-content\/uploads\/2023\/06\/7-768x768.png 768w, https:\/\/amaliaetcompagnie.fr\/wp-content\/uploads\/2023\/06\/7-600x600.png 600w, https:\/\/amaliaetcompagnie.fr\/wp-content\/uploads\/2023\/06\/7-100x100.png 100w, https:\/\/amaliaetcompagnie.fr\/wp-content\/uploads\/2023\/06\/7.png 1080w\" sizes=\"auto, (max-width: 300px) 100vw, 300px\" \/><\/div>\n\t\t\t\t\t<div class=\"wc-block-grid__product-title\">Sac Telle M\u00e8re Telle Fille<\/div>\n\t\t\t\t<\/a>\n\t\t\t\t<div class=\"wc-block-grid__product-price price\"><span class=\"woocommerce-Price-amount amount\">29,50&nbsp;<span class=\"woocommerce-Price-currencySymbol\">&euro;<\/span><\/span><\/div>\n\t\t\t\t\n\t\t\t\t<div class=\"wp-block-button wc-block-grid__product-add-to-cart\"><a href=\"https:\/\/amaliaetcompagnie.fr\/?product=sac-telle-mere-telle-fille\" aria-label=\"Ajouter au panier\u00a0: &ldquo;Sac Telle M\u00e8re Telle Fille&rdquo;\" data-quantity=\"1\" data-product_id=\"293\" data-product_sku=\"\" data-price=\"29.5\" rel=\"nofollow\" class=\"wp-block-button__link wp-element-button add_to_cart_button\">S\u00e9lectionner les options<\/a><\/div>\n\t\t\t<\/li><\/ul><\/div>\n\n<\/div>\n","protected":false},"excerpt":{"rendered":"<p>D\u00e9couvrez ici une s\u00e9lection de produits pour une utilisation quotidienne et des articles pour cr\u00e9er des souvenirs avec vos proches.<\/p>\n","protected":false},"author":1,"featured_media":319,"parent":0,"menu_order":0,"comment_status":"closed","ping_status":"closed","template":"page-no-title","meta":{"footnotes":""},"class_list":["post-51","page","type-page","status-publish","has-post-thumbnail","hentry"],"jetpack_sharing_enabled":true,"_links":{"self":[{"href":"https:\/\/amaliaetcompagnie.fr\/index.php?rest_route=\/wp\/v2\/pages\/51","targetHints":{"allow":["GET"]}}],"collection":[{"href":"https:\/\/amaliaetcompagnie.fr\/index.php?rest_route=\/wp\/v2\/pages"}],"about":[{"href":"https:\/\/amaliaetcompagnie.fr\/index.php?rest_route=\/wp\/v2\/types\/page"}],"author":[{"embeddable":true,"href":"https:\/\/amaliaetcompagnie.fr\/index.php?rest_route=\/wp\/v2\/users\/1"}],"replies":[{"embeddable":true,"href":"https:\/\/amaliaetcompagnie.fr\/index.php?rest_route=%2Fwp%2Fv2%2Fcomments&post=51"}],"version-history":[{"count":17,"href":"https:\/\/amaliaetcompagnie.fr\/index.php?rest_route=\/wp\/v2\/pages\/51\/revisions"}],"predecessor-version":[{"id":356,"href":"https:\/\/amaliaetcompagnie.fr\/index.php?rest_route=\/wp\/v2\/pages\/51\/revisions\/356"}],"wp:featuredmedia":[{"embeddable":true,"href":"https:\/\/amaliaetcompagnie.fr\/index.php?rest_route=\/wp\/v2\/media\/319"}],"wp:attachment":[{"href":"https:\/\/amaliaetcompagnie.fr\/index.php?rest_route=%2Fwp%2Fv2%2Fmedia&parent=51"}],"curies":[{"name":"wp","href":"https:\/\/api.w.org\/{rel}","templated":true}]}}